{"id":135,"date":"2021-09-01T14:08:08","date_gmt":"2021-09-01T14:08:08","guid":{"rendered":"https:\/\/www.pensionsdefamille.org\/?page_id=135"},"modified":"2021-09-08T15:28:11","modified_gmt":"2021-09-08T15:28:11","slug":"politiques-de-cookie","status":"publish","type":"page","link":"https:\/\/www.pensionsdefamille.org\/?page_id=135","title":{"rendered":"Politiques de cookies"},"content":{"rendered":"<section class=\"block\">\n    \n<\/section>\n\n<section class=\"block\">\n    <p>1. Qui sommes-nous ?<\/p>\n<p>Le site www.pensionsdefamille.org appartient \u00e0 l\u2019Unafo, association Loi 1901- situ\u00e9e 29\/31 rue Michel-Ange \u2013 75016 PARIS. Il est mis en \u0153uvre dans le cadre d&rsquo;un travail collaboratouf entre l&rsquo;Etat et des f\u00e9d\u00e9rations qui \u0153uvrent pour la promotion notamment des pensions de famille : l&rsquo;Unafo, La FAS, La Fondation Abb\u00e9 Pierre, la Fapil, Soliha, Habita et Humanisme, et l&rsquo;Union sociale pour l&rsquo;Habitat<\/p>\n<p>2. Utilisation et transmission de vos donn\u00e9es personnelles<br \/>\nL&rsquo;Unafo se conforme aux exigences europ\u00e9ennes en mati\u00e8re de protection des donn\u00e9es (cf RGPD).<\/p>\n<p>D\u2019une mani\u00e8re g\u00e9n\u00e9rale, il vous est possible de visiter le Site sans communiquer aucune information personnelle vous concernant.<br \/>\n\u00c0 aucun moment vos donn\u00e9es sont distribu\u00e9s \u00e0 un tiers.<\/p>\n<p>3. Politique relative aux cookies<br \/>\nLors de votre premi\u00e8re connexion sur le site web , vous \u00eates avertis par un bandeau en bas de votre \u00e9cran que des informations relatives \u00e0 votre navigation sont susceptibles d\u2019\u00eatre enregistr\u00e9es dans des fichiers d\u00e9nomm\u00e9s \u00ab cookies \u00bb. Notre politique d\u2019utilisation des cookies vous permet de mieux comprendre les dispositions que nous mettons en \u0153uvre en mati\u00e8re de navigation sur notre site web.<\/p>\n\n<\/section>","protected":false},"excerpt":{"rendered":"","protected":false},"author":1,"featured_media":0,"parent":0,"menu_order":0,"comment_status":"closed","ping_status":"closed","template":"","meta":{"_acf_changed":false,"footnotes":""},"acf":[],"_links":{"self":[{"href":"https:\/\/www.pensionsdefamille.org\/index.php?rest_route=\/wp\/v2\/pages\/135"}],"collection":[{"href":"https:\/\/www.pensionsdefamille.org\/index.php?rest_route=\/wp\/v2\/pages"}],"about":[{"href":"https:\/\/www.pensionsdefamille.org\/index.php?rest_route=\/wp\/v2\/types\/page"}],"author":[{"embeddable":true,"href":"https:\/\/www.pensionsdefamille.org\/index.php?rest_route=\/wp\/v2\/users\/1"}],"replies":[{"embeddable":true,"href":"https:\/\/www.pensionsdefamille.org\/index.php?rest_route=%2Fwp%2Fv2%2Fcomments&post=135"}],"version-history":[{"count":3,"href":"https:\/\/www.pensionsdefamille.org\/index.php?rest_route=\/wp\/v2\/pages\/135\/revisions"}],"predecessor-version":[{"id":209,"href":"https:\/\/www.pensionsdefamille.org\/index.php?rest_route=\/wp\/v2\/pages\/135\/revisions\/209"}],"wp:attachment":[{"href":"https:\/\/www.pensionsdefamille.org\/index.php?rest_route=%2Fwp%2Fv2%2Fmedia&parent=135"}],"curies":[{"name":"wp","href":"https:\/\/api.w.org\/{rel}","templated":true}]}}